{"id":20797,"date":"2023-12-03T16:44:18","date_gmt":"2023-12-03T16:44:18","guid":{"rendered":"https:\/\/rituals.al\/prodotti\/"},"modified":"2023-12-07T17:07:47","modified_gmt":"2023-12-07T17:07:47","slug":"products","status":"publish","type":"page","link":"https:\/\/rituals.al\/en\/products\/","title":{"rendered":"Products"},"content":{"rendered":"\t\t<div data-elementor-type=\"wp-page\" data-elementor-id=\"20797\" class=\"elementor elementor-20797 elementor-20526\">\n\t\t\t\t\t\t\t\t\t<section class=\"elementor-section elementor-top-section elementor-element elementor-element-f88d0d1 elementor-section-boxed elementor-section-height-default elementor-section-height-default sc_fly_static\" data-id=\"f88d0d1\" data-element_type=\"section\" data-settings=\"{&quot;background_background&quot;:&quot;classic&quot;}\">\n\t\t\t\t\t\t<div class=\"elementor-container elementor-column-gap-default\">\n\t\t\t\t\t<div class=\"elementor-column elementor-col-100 elementor-top-column elementor-element elementor-element-5a51e7d sc_inner_width_none sc_content_align_inherit sc_layouts_column_icons_position_left sc_fly_static\" data-id=\"5a51e7d\" data-element_type=\"column\">\n\t\t\t<div class=\"elementor-widget-wrap elementor-element-populated\">\n\t\t\t\t\t\t\t\t<div class=\"elementor-element elementor-element-d1761ee sc_fly_static elementor-widget elementor-widget-trx_sc_services\" data-id=\"d1761ee\" data-element_type=\"widget\" data-widget_type=\"trx_sc_services.default\">\n\t\t\t\t<div class=\"elementor-widget-container\">\n\t\t\t<div class=\"sc_services color_style_link2 sc_services_extra sc_services_featured_top\"><div class=\"sc_services_columns_wrap sc_item_columns sc_item_posts_container sc_item_columns_4 trx_addons_columns_wrap columns_padding_bottom\"><div class=\"trx_addons_column-1_4 trx_addons_column-1_2-tablet\"><div data-post-id=\"20815\" class=\"sc_services_item sc_item_container post_container without_content with_more with_image sc_services_item_featured_none post-20815 product type-product status-publish has-post-thumbnail hentry product_cat-rituals product_tag-cofano-da-morto product_tag-cofano-funebre product_tag-rituals\">\n\t\t<div class=\"sc_services_item_content\" style=\"background-image: url(https:\/\/rituals.al\/wp-content\/uploads\/2022\/11\/MOD.-FERRARI-min-840x420.jpeg);\">\n\t\t\t\t<div class=\"sc_services_item_content_inner\"><div class=\"sc_services_item_content_inner_bottom\">\n                <h6 class=\"sc_services_item_title\"><a href=\"https:\/\/rituals.al\/en\/prodotti\/mod-ferratti\/\">MOD. FERRATTI<\/a><\/h6>\n                <div class=\"sc_services_item_button sc_item_button\">\n                    <a href=\"https:\/\/rituals.al\/en\/prodotti\/mod-ferratti\/\" class=\"sc_services_item_more_link\">\n                        <span class=\"link_text\">Leggi di pi\u00f9<\/span><span class=\"link_icon\"><\/span>\n                    <\/a>\n                    <\/div><\/div><\/div><a class=\"sc_services_item_link\" href=\"https:\/\/rituals.al\/en\/prodotti\/mod-ferratti\/\"><\/a><\/div><\/div><\/div><div class=\"trx_addons_column-1_4 trx_addons_column-1_2-tablet\"><div data-post-id=\"20819\" class=\"sc_services_item sc_item_container post_container without_content with_more with_image sc_services_item_featured_none post-20819 product type-product status-publish has-post-thumbnail hentry product_cat-rituals product_tag-cofano-da-morto product_tag-cofano-funebre product_tag-rituals\">\n\t\t<div class=\"sc_services_item_content\" style=\"background-image: url(https:\/\/rituals.al\/wp-content\/uploads\/2023\/12\/MOD.-62-840x420.jpeg);\">\n\t\t\t\t<div class=\"sc_services_item_content_inner\"><div class=\"sc_services_item_content_inner_bottom\">\n                <h6 class=\"sc_services_item_title\"><a href=\"https:\/\/rituals.al\/en\/prodotti\/mod-62\/\">MOD. 62<\/a><\/h6>\n                <div class=\"sc_services_item_button sc_item_button\">\n                    <a href=\"https:\/\/rituals.al\/en\/prodotti\/mod-62\/\" class=\"sc_services_item_more_link\">\n                        <span class=\"link_text\">Leggi di pi\u00f9<\/span><span class=\"link_icon\"><\/span>\n                    <\/a>\n                    <\/div><\/div><\/div><a class=\"sc_services_item_link\" href=\"https:\/\/rituals.al\/en\/prodotti\/mod-62\/\"><\/a><\/div><\/div><\/div><div class=\"trx_addons_column-1_4 trx_addons_column-1_2-tablet\"><div data-post-id=\"20820\" class=\"sc_services_item sc_item_container post_container without_content with_more with_image sc_services_item_featured_none post-20820 product type-product status-publish has-post-thumbnail hentry product_cat-rituals product_tag-cofano-da-morto product_tag-cofano-funebre product_tag-rituals\">\n\t\t<div class=\"sc_services_item_content\" style=\"background-image: url(https:\/\/rituals.al\/wp-content\/uploads\/2023\/12\/MOD.-DC-840x420.jpeg);\">\n\t\t\t\t<div class=\"sc_services_item_content_inner\"><div class=\"sc_services_item_content_inner_bottom\">\n                <h6 class=\"sc_services_item_title\"><a href=\"https:\/\/rituals.al\/en\/prodotti\/mod-dc\/\">MOD. DC<\/a><\/h6>\n                <div class=\"sc_services_item_button sc_item_button\">\n                    <a href=\"https:\/\/rituals.al\/en\/prodotti\/mod-dc\/\" class=\"sc_services_item_more_link\">\n                        <span class=\"link_text\">Leggi di pi\u00f9<\/span><span class=\"link_icon\"><\/span>\n                    <\/a>\n                    <\/div><\/div><\/div><a class=\"sc_services_item_link\" href=\"https:\/\/rituals.al\/en\/prodotti\/mod-dc\/\"><\/a><\/div><\/div><\/div><div class=\"trx_addons_column-1_4 trx_addons_column-1_2-tablet\"><div data-post-id=\"20812\" class=\"sc_services_item sc_item_container post_container without_content with_more with_image sc_services_item_featured_none post-20812 product type-product status-publish has-post-thumbnail hentry product_cat-rituals product_tag-cofano-da-morto product_tag-cofano-funebre product_tag-rituals\">\n\t\t<div class=\"sc_services_item_content\" style=\"background-image: url(https:\/\/rituals.al\/wp-content\/uploads\/2023\/12\/MOD.-C7-840x420.jpeg);\">\n\t\t\t\t<div class=\"sc_services_item_content_inner\"><div class=\"sc_services_item_content_inner_bottom\">\n                <h6 class=\"sc_services_item_title\"><a href=\"https:\/\/rituals.al\/en\/prodotti\/mod-c7\/\">MOD. C7<\/a><\/h6>\n                <div class=\"sc_services_item_button sc_item_button\">\n                    <a href=\"https:\/\/rituals.al\/en\/prodotti\/mod-c7\/\" class=\"sc_services_item_more_link\">\n                        <span class=\"link_text\">Leggi di pi\u00f9<\/span><span class=\"link_icon\"><\/span>\n                    <\/a>\n                    <\/div><\/div><\/div><a class=\"sc_services_item_link\" href=\"https:\/\/rituals.al\/en\/prodotti\/mod-c7\/\"><\/a><\/div><\/div><\/div><div class=\"trx_addons_column-1_4 trx_addons_column-1_2-tablet\"><div data-post-id=\"20825\" class=\"sc_services_item sc_item_container post_container without_content with_more with_image sc_services_item_featured_none post-20825 product type-product status-publish has-post-thumbnail hentry product_cat-rituals product_tag-cofano-da-morto product_tag-cofano-funebre product_tag-rituals\">\n\t\t<div class=\"sc_services_item_content\" style=\"background-image: url(https:\/\/rituals.al\/wp-content\/uploads\/2023\/12\/MOD.-DIAMANTE-840x420.jpeg);\">\n\t\t\t\t<div class=\"sc_services_item_content_inner\"><div class=\"sc_services_item_content_inner_bottom\">\n                <h6 class=\"sc_services_item_title\"><a href=\"https:\/\/rituals.al\/en\/prodotti\/mod-diamante\/\">MOD. DIAMANTE<\/a><\/h6>\n                <div class=\"sc_services_item_button sc_item_button\">\n                    <a href=\"https:\/\/rituals.al\/en\/prodotti\/mod-diamante\/\" class=\"sc_services_item_more_link\">\n                        <span class=\"link_text\">Leggi di pi\u00f9<\/span><span class=\"link_icon\"><\/span>\n                    <\/a>\n                    <\/div><\/div><\/div><a class=\"sc_services_item_link\" href=\"https:\/\/rituals.al\/en\/prodotti\/mod-diamante\/\"><\/a><\/div><\/div><\/div><div class=\"trx_addons_column-1_4 trx_addons_column-1_2-tablet\"><div data-post-id=\"20826\" class=\"sc_services_item sc_item_container post_container without_content with_more with_image sc_services_item_featured_none post-20826 product type-product status-publish has-post-thumbnail hentry product_cat-rituals product_tag-cofano-da-morto product_tag-cofano-funebre product_tag-rituals\">\n\t\t<div class=\"sc_services_item_content\" style=\"background-image: url(https:\/\/rituals.al\/wp-content\/uploads\/2023\/12\/MOD.-50-840x420.jpeg);\">\n\t\t\t\t<div class=\"sc_services_item_content_inner\"><div class=\"sc_services_item_content_inner_bottom\">\n                <h6 class=\"sc_services_item_title\"><a href=\"https:\/\/rituals.al\/en\/prodotti\/mod-50\/\">MOD. 50<\/a><\/h6>\n                <div class=\"sc_services_item_button sc_item_button\">\n                    <a href=\"https:\/\/rituals.al\/en\/prodotti\/mod-50\/\" class=\"sc_services_item_more_link\">\n                        <span class=\"link_text\">Leggi di pi\u00f9<\/span><span class=\"link_icon\"><\/span>\n                    <\/a>\n                    <\/div><\/div><\/div><a class=\"sc_services_item_link\" href=\"https:\/\/rituals.al\/en\/prodotti\/mod-50\/\"><\/a><\/div><\/div><\/div><div class=\"trx_addons_column-1_4 trx_addons_column-1_2-tablet\"><div data-post-id=\"20827\" class=\"sc_services_item sc_item_container post_container without_content with_more with_image sc_services_item_featured_none post-20827 product type-product status-publish has-post-thumbnail hentry product_cat-rituals product_tag-cofano-da-morto product_tag-cofano-funebre product_tag-rituals\">\n\t\t<div class=\"sc_services_item_content\" style=\"background-image: url(https:\/\/rituals.al\/wp-content\/uploads\/2023\/12\/MOD.-BATISTELA-840x420.jpeg);\">\n\t\t\t\t<div class=\"sc_services_item_content_inner\"><div class=\"sc_services_item_content_inner_bottom\">\n                <h6 class=\"sc_services_item_title\"><a href=\"https:\/\/rituals.al\/en\/prodotti\/mod-batistela\/\">MOD. BATISTELA<\/a><\/h6>\n                <div class=\"sc_services_item_button sc_item_button\">\n                    <a href=\"https:\/\/rituals.al\/en\/prodotti\/mod-batistela\/\" class=\"sc_services_item_more_link\">\n                        <span class=\"link_text\">Leggi di pi\u00f9<\/span><span class=\"link_icon\"><\/span>\n                    <\/a>\n                    <\/div><\/div><\/div><a class=\"sc_services_item_link\" href=\"https:\/\/rituals.al\/en\/prodotti\/mod-batistela\/\"><\/a><\/div><\/div><\/div><div class=\"trx_addons_column-1_4 trx_addons_column-1_2-tablet\"><div data-post-id=\"20828\" class=\"sc_services_item sc_item_container post_container without_content with_more with_image sc_services_item_featured_none post-20828 product type-product status-publish has-post-thumbnail hentry product_cat-rituals product_tag-cofano-da-morto product_tag-cofano-funebre product_tag-rituals\">\n\t\t<div class=\"sc_services_item_content\" style=\"background-image: url(https:\/\/rituals.al\/wp-content\/uploads\/2023\/12\/MOD.-CORDONCINO-840x420.jpeg);\">\n\t\t\t\t<div class=\"sc_services_item_content_inner\"><div class=\"sc_services_item_content_inner_bottom\">\n                <h6 class=\"sc_services_item_title\"><a href=\"https:\/\/rituals.al\/en\/prodotti\/mod-cordoncino\/\">MOD. CORDONCINO<\/a><\/h6>\n                <div class=\"sc_services_item_button sc_item_button\">\n                    <a href=\"https:\/\/rituals.al\/en\/prodotti\/mod-cordoncino\/\" class=\"sc_services_item_more_link\">\n                        <span class=\"link_text\">Leggi di pi\u00f9<\/span><span class=\"link_icon\"><\/span>\n                    <\/a>\n                    <\/div><\/div><\/div><a class=\"sc_services_item_link\" href=\"https:\/\/rituals.al\/en\/prodotti\/mod-cordoncino\/\"><\/a><\/div><\/div><\/div><\/div><\/div>\t\t<\/div>\n\t\t\t\t<\/div>\n\t\t\t\t<div class=\"elementor-element elementor-element-7a73dec sc_fly_static elementor-widget elementor-widget-trx_sc_services\" data-id=\"7a73dec\" data-element_type=\"widget\" data-widget_type=\"trx_sc_services.default\">\n\t\t\t\t<div class=\"elementor-widget-container\">\n\t\t\t<div class=\"sc_services color_style_link2 sc_services_extra sc_services_featured_top\"><div class=\"sc_services_columns_wrap sc_item_columns sc_item_posts_container sc_item_columns_3 trx_addons_columns_wrap columns_padding_bottom columns_in_single_row\"><div class=\"trx_addons_column-1_3 trx_addons_column-1_2-tablet\"><div data-post-id=\"20832\" class=\"sc_services_item sc_item_container post_container without_content with_more with_image sc_services_item_featured_none post-20832 product type-product status-publish has-post-thumbnail hentry product_cat-rituals product_tag-cofano-da-morto product_tag-cofano-funebre product_tag-rituals\">\n\t\t<div class=\"sc_services_item_content\" style=\"background-image: url(https:\/\/rituals.al\/wp-content\/uploads\/2023\/12\/MOD.-D-GOLA-840x420.jpeg);\">\n\t\t\t\t<div class=\"sc_services_item_content_inner\"><div class=\"sc_services_item_content_inner_bottom\">\n                <h6 class=\"sc_services_item_title\"><a href=\"https:\/\/rituals.al\/en\/prodotti\/mod-d-gola\/\">MOD. D GOLA<\/a><\/h6>\n                <div class=\"sc_services_item_button sc_item_button\">\n                    <a href=\"https:\/\/rituals.al\/en\/prodotti\/mod-d-gola\/\" class=\"sc_services_item_more_link\">\n                        <span class=\"link_text\">Leggi di pi\u00f9<\/span><span class=\"link_icon\"><\/span>\n                    <\/a>\n                    <\/div><\/div><\/div><a class=\"sc_services_item_link\" href=\"https:\/\/rituals.al\/en\/prodotti\/mod-d-gola\/\"><\/a><\/div><\/div><\/div><div class=\"trx_addons_column-1_3 trx_addons_column-1_2-tablet\"><div data-post-id=\"20833\" class=\"sc_services_item sc_item_container post_container without_content with_more with_image sc_services_item_featured_none post-20833 product type-product status-publish has-post-thumbnail hentry product_cat-rituals product_tag-cofano-da-morto product_tag-cofano-funebre product_tag-rituals\">\n\t\t<div class=\"sc_services_item_content\" style=\"background-image: url(https:\/\/rituals.al\/wp-content\/uploads\/2023\/12\/MOD.-75-840x420.jpeg);\">\n\t\t\t\t<div class=\"sc_services_item_content_inner\"><div class=\"sc_services_item_content_inner_bottom\">\n                <h6 class=\"sc_services_item_title\"><a href=\"https:\/\/rituals.al\/en\/prodotti\/mod-75\/\">MOD. 75<\/a><\/h6>\n                <div class=\"sc_services_item_button sc_item_button\">\n                    <a href=\"https:\/\/rituals.al\/en\/prodotti\/mod-75\/\" class=\"sc_services_item_more_link\">\n                        <span class=\"link_text\">Leggi di pi\u00f9<\/span><span class=\"link_icon\"><\/span>\n                    <\/a>\n                    <\/div><\/div><\/div><a class=\"sc_services_item_link\" href=\"https:\/\/rituals.al\/en\/prodotti\/mod-75\/\"><\/a><\/div><\/div><\/div><div class=\"trx_addons_column-1_3 trx_addons_column-1_2-tablet\"><div data-post-id=\"20834\" class=\"sc_services_item sc_item_container post_container without_content with_more with_image sc_services_item_featured_none post-20834 product type-product status-publish has-post-thumbnail hentry product_cat-rituals product_tag-cofano-da-morto product_tag-cofano-funebre product_tag-rituals\">\n\t\t<div class=\"sc_services_item_content\" style=\"background-image: url(https:\/\/rituals.al\/wp-content\/uploads\/2023\/12\/MOD.-ROMANA-840x420.jpeg);\">\n\t\t\t\t<div class=\"sc_services_item_content_inner\"><div class=\"sc_services_item_content_inner_bottom\">\n                <h6 class=\"sc_services_item_title\"><a href=\"https:\/\/rituals.al\/en\/prodotti\/mod-romana\/\">MOD. ROMANA<\/a><\/h6>\n                <div class=\"sc_services_item_button sc_item_button\">\n                    <a href=\"https:\/\/rituals.al\/en\/prodotti\/mod-romana\/\" class=\"sc_services_item_more_link\">\n                        <span class=\"link_text\">Leggi di pi\u00f9<\/span><span class=\"link_icon\"><\/span>\n                    <\/a>\n                    <\/div><\/div><\/div><a class=\"sc_services_item_link\" href=\"https:\/\/rituals.al\/en\/prodotti\/mod-romana\/\"><\/a><\/div><\/div><\/div><\/div><\/div>\t\t<\/div>\n\t\t\t\t<\/div>\n\t\t\t\t\t<\/div>\n\t\t<\/div>\n\t\t\t\t\t\t\t<\/div>\n\t\t<\/section>\n\t\t\t\t\t\t\t<\/div>\n\t\t","protected":false},"excerpt":{"rendered":"<p>MOD. FERRARI Leggi di pi\u00f9 MOD. 62 Leggi di pi\u00f9 MOD. DC Leggi di pi\u00f9 MOD. C7 Leggi di pi\u00f9 MOD. DIAMANTE Leggi di pi\u00f9 MOD. 50 Leggi di pi\u00f9&hellip;<\/p>\n","protected":false},"author":1,"featured_media":0,"parent":0,"menu_order":0,"comment_status":"closed","ping_status":"closed","template":"","meta":{"footnotes":""},"class_list":["post-20797","page","type-page","status-publish","hentry"],"yoast_head":"<!-- This site is optimized with the Yoast SEO plugin v21.6 - https:\/\/yoast.com\/wordpress\/plugins\/seo\/ -->\n<title>Products - Rituals<\/title>\n<meta name=\"robots\" content=\"index, follow, max-snippet:-1, max-image-preview:large, max-video-preview:-1\" \/>\n<link rel=\"canonical\" href=\"https:\/\/rituals.al\/en\/products\/\" \/>\n<meta property=\"og:locale\" content=\"en_US\" \/>\n<meta property=\"og:type\" content=\"article\" \/>\n<meta property=\"og:title\" content=\"Products - Rituals\" \/>\n<meta property=\"og:description\" content=\"MOD. FERRARI Leggi di pi\u00f9 MOD. 62 Leggi di pi\u00f9 MOD. DC Leggi di pi\u00f9 MOD. C7 Leggi di pi\u00f9 MOD. DIAMANTE Leggi di pi\u00f9 MOD. 50 Leggi di pi\u00f9&hellip;\" \/>\n<meta property=\"og:url\" content=\"https:\/\/rituals.al\/en\/products\/\" \/>\n<meta property=\"og:site_name\" content=\"Rituals\" \/>\n<meta property=\"article:modified_time\" content=\"2023-12-07T17:07:47+00:00\" \/>\n<meta name=\"twitter:card\" content=\"summary_large_image\" \/>\n<meta name=\"twitter:label1\" content=\"Est. reading time\" \/>\n\t<meta name=\"twitter:data1\" content=\"1 minute\" \/>\n<script type=\"application\/ld+json\" class=\"yoast-schema-graph\">{\"@context\":\"https:\/\/schema.org\",\"@graph\":[{\"@type\":\"WebPage\",\"@id\":\"https:\/\/rituals.al\/en\/products\/\",\"url\":\"https:\/\/rituals.al\/en\/products\/\",\"name\":\"Products - Rituals\",\"isPartOf\":{\"@id\":\"https:\/\/rituals.al\/#website\"},\"datePublished\":\"2023-12-03T16:44:18+00:00\",\"dateModified\":\"2023-12-07T17:07:47+00:00\",\"breadcrumb\":{\"@id\":\"https:\/\/rituals.al\/en\/products\/#breadcrumb\"},\"inLanguage\":\"en-US\",\"potentialAction\":[{\"@type\":\"ReadAction\",\"target\":[\"https:\/\/rituals.al\/en\/products\/\"]}]},{\"@type\":\"BreadcrumbList\",\"@id\":\"https:\/\/rituals.al\/en\/products\/#breadcrumb\",\"itemListElement\":[{\"@type\":\"ListItem\",\"position\":1,\"name\":\"Home\",\"item\":\"https:\/\/rituals.al\/en\/\"},{\"@type\":\"ListItem\",\"position\":2,\"name\":\"Products\"}]},{\"@type\":\"WebSite\",\"@id\":\"https:\/\/rituals.al\/#website\",\"url\":\"https:\/\/rituals.al\/\",\"name\":\"Rituals\",\"description\":\"Cofani Funebri, Bare, Casse da Morto\",\"publisher\":{\"@id\":\"https:\/\/rituals.al\/#organization\"},\"potentialAction\":[{\"@type\":\"SearchAction\",\"target\":{\"@type\":\"EntryPoint\",\"urlTemplate\":\"https:\/\/rituals.al\/?s={search_term_string}\"},\"query-input\":\"required name=search_term_string\"}],\"inLanguage\":\"en-US\"},{\"@type\":\"Organization\",\"@id\":\"https:\/\/rituals.al\/#organization\",\"name\":\"Rituals\",\"url\":\"https:\/\/rituals.al\/\",\"logo\":{\"@type\":\"ImageObject\",\"inLanguage\":\"en-US\",\"@id\":\"https:\/\/rituals.al\/#\/schema\/logo\/image\/\",\"url\":\"https:\/\/rituals.al\/wp-content\/uploads\/2020\/08\/logo-Rituals-Final-web.png\",\"contentUrl\":\"https:\/\/rituals.al\/wp-content\/uploads\/2020\/08\/logo-Rituals-Final-web.png\",\"width\":380,\"height\":100,\"caption\":\"Rituals\"},\"image\":{\"@id\":\"https:\/\/rituals.al\/#\/schema\/logo\/image\/\"}}]}<\/script>\n<!-- \/ Yoast SEO plugin. -->","yoast_head_json":{"title":"Products - Rituals","robots":{"index":"index","follow":"follow","max-snippet":"max-snippet:-1","max-image-preview":"max-image-preview:large","max-video-preview":"max-video-preview:-1"},"canonical":"https:\/\/rituals.al\/en\/products\/","og_locale":"en_US","og_type":"article","og_title":"Products - Rituals","og_description":"MOD. FERRARI Leggi di pi\u00f9 MOD. 62 Leggi di pi\u00f9 MOD. DC Leggi di pi\u00f9 MOD. C7 Leggi di pi\u00f9 MOD. DIAMANTE Leggi di pi\u00f9 MOD. 50 Leggi di pi\u00f9&hellip;","og_url":"https:\/\/rituals.al\/en\/products\/","og_site_name":"Rituals","article_modified_time":"2023-12-07T17:07:47+00:00","twitter_card":"summary_large_image","twitter_misc":{"Est. reading time":"1 minute"},"schema":{"@context":"https:\/\/schema.org","@graph":[{"@type":"WebPage","@id":"https:\/\/rituals.al\/en\/products\/","url":"https:\/\/rituals.al\/en\/products\/","name":"Products - Rituals","isPartOf":{"@id":"https:\/\/rituals.al\/#website"},"datePublished":"2023-12-03T16:44:18+00:00","dateModified":"2023-12-07T17:07:47+00:00","breadcrumb":{"@id":"https:\/\/rituals.al\/en\/products\/#breadcrumb"},"inLanguage":"en-US","potentialAction":[{"@type":"ReadAction","target":["https:\/\/rituals.al\/en\/products\/"]}]},{"@type":"BreadcrumbList","@id":"https:\/\/rituals.al\/en\/products\/#breadcrumb","itemListElement":[{"@type":"ListItem","position":1,"name":"Home","item":"https:\/\/rituals.al\/en\/"},{"@type":"ListItem","position":2,"name":"Products"}]},{"@type":"WebSite","@id":"https:\/\/rituals.al\/#website","url":"https:\/\/rituals.al\/","name":"Rituals","description":"Cofani Funebri, Bare, Casse da Morto","publisher":{"@id":"https:\/\/rituals.al\/#organization"},"potentialAction":[{"@type":"SearchAction","target":{"@type":"EntryPoint","urlTemplate":"https:\/\/rituals.al\/?s={search_term_string}"},"query-input":"required name=search_term_string"}],"inLanguage":"en-US"},{"@type":"Organization","@id":"https:\/\/rituals.al\/#organization","name":"Rituals","url":"https:\/\/rituals.al\/","logo":{"@type":"ImageObject","inLanguage":"en-US","@id":"https:\/\/rituals.al\/#\/schema\/logo\/image\/","url":"https:\/\/rituals.al\/wp-content\/uploads\/2020\/08\/logo-Rituals-Final-web.png","contentUrl":"https:\/\/rituals.al\/wp-content\/uploads\/2020\/08\/logo-Rituals-Final-web.png","width":380,"height":100,"caption":"Rituals"},"image":{"@id":"https:\/\/rituals.al\/#\/schema\/logo\/image\/"}}]}},"_links":{"self":[{"href":"https:\/\/rituals.al\/en\/wp-json\/wp\/v2\/pages\/20797","targetHints":{"allow":["GET"]}}],"collection":[{"href":"https:\/\/rituals.al\/en\/wp-json\/wp\/v2\/pages"}],"about":[{"href":"https:\/\/rituals.al\/en\/wp-json\/wp\/v2\/types\/page"}],"author":[{"embeddable":true,"href":"https:\/\/rituals.al\/en\/wp-json\/wp\/v2\/users\/1"}],"replies":[{"embeddable":true,"href":"https:\/\/rituals.al\/en\/wp-json\/wp\/v2\/comments?post=20797"}],"version-history":[{"count":3,"href":"https:\/\/rituals.al\/en\/wp-json\/wp\/v2\/pages\/20797\/revisions"}],"predecessor-version":[{"id":20896,"href":"https:\/\/rituals.al\/en\/wp-json\/wp\/v2\/pages\/20797\/revisions\/20896"}],"wp:attachment":[{"href":"https:\/\/rituals.al\/en\/wp-json\/wp\/v2\/media?parent=20797"}],"curies":[{"name":"wp","href":"https:\/\/api.w.org\/{rel}","templated":true}]}}